{"id":99,"date":"2023-06-12T10:26:57","date_gmt":"2023-06-12T10:26:57","guid":{"rendered":"http:\/\/under-cover.biz\/?page_id=99"},"modified":"2023-06-28T13:22:53","modified_gmt":"2023-06-28T13:22:53","slug":"faq","status":"publish","type":"page","link":"http:\/\/under-cover.biz\/en\/faq","title":{"rendered":"FAQ"},"content":{"rendered":"<div data-elementor-type=\"wp-page\" data-elementor-id=\"99\" class=\"elementor elementor-99\" data-elementor-post-type=\"page\">\n\t\t\t\t\t\t<section class=\"elementor-section elementor-top-section elementor-element elementor-element-c5a2204 elementor-section-boxed elementor-section-height-default elementor-section-height-default\" data-id=\"c5a2204\" data-element_type=\"section\" data-e-type=\"section\">\n\t\t\t\t\t\t<div class=\"elementor-container elementor-column-gap-default\">\n\t\t\t\t\t<div class=\"elementor-column elementor-col-100 elementor-top-column elementor-element elementor-element-24af5a5\" data-id=\"24af5a5\" data-element_type=\"column\" data-e-type=\"column\">\n\t\t\t<div class=\"elementor-widget-wrap elementor-element-populated\">\n\t\t\t\t\t\t<div class=\"elementor-element elementor-element-48da134 elementor-widget elementor-widget-heading\" data-id=\"48da134\" data-element_type=\"widget\" data-e-type=\"widget\" data-widget_type=\"heading.default\">\n\t\t\t\t<div class=\"elementor-widget-container\">\n\t\t\t\t\t<h1 class=\"elementor-heading-title elementor-size-default\">Frequently Asked Questions<\/h1>\t\t\t\t<\/div>\n\t\t\t\t<\/div>\n\t\t\t\t\t<\/div>\n\t\t<\/div>\n\t\t\t\t\t<\/div>\n\t\t<\/section>\n\t\t\t\t<section class=\"elementor-section elementor-top-section elementor-element elementor-element-b5bf766 elementor-section-boxed elementor-section-height-default elementor-section-height-default\" data-id=\"b5bf766\" data-element_type=\"section\" data-e-type=\"section\">\n\t\t\t\t\t\t<div class=\"elementor-container elementor-column-gap-default\">\n\t\t\t\t\t<div class=\"elementor-column elementor-col-100 elementor-top-column elementor-element elementor-element-ef44c02\" data-id=\"ef44c02\" data-element_type=\"column\" data-e-type=\"column\">\n\t\t\t<div class=\"elementor-widget-wrap elementor-element-populated\">\n\t\t\t\t\t\t<div class=\"elementor-element elementor-element-34f7fba elementor-widget elementor-widget-heading\" data-id=\"34f7fba\" data-element_type=\"widget\" data-e-type=\"widget\" data-widget_type=\"heading.default\">\n\t\t\t\t<div class=\"elementor-widget-container\">\n\t\t\t\t\t<h2 class=\"elementor-heading-title elementor-size-default\">Why a new rain protection device for bikes?\n<\/h2>\t\t\t\t<\/div>\n\t\t\t\t<\/div>\n\t\t\t\t<div class=\"elementor-element elementor-element-fdf93c6 elementor-widget elementor-widget-text-editor\" data-id=\"fdf93c6\" data-element_type=\"widget\" data-e-type=\"widget\" data-widget_type=\"text-editor.default\">\n\t\t\t\t<div class=\"elementor-widget-container\">\n\t\t\t\t\t\t\t\t\tCycling on sunny days is really fun, but problems arise when it starts raining. As passionate everyday cyclists we have been frustrated with the standard solutions for rain protection such as capes or rainwear. Everybody knows the problem of sweating while wearing rain pants and slickers. Putting on these things also always needs some artistic skills. Finally you arrive at your office, theater, restaurant... Now what to do with the wet stuff?\t\t\t\t\t\t\t\t<\/div>\n\t\t\t\t<\/div>\n\t\t\t\t\t<\/div>\n\t\t<\/div>\n\t\t\t\t\t<\/div>\n\t\t<\/section>\n\t\t\t\t<section class=\"elementor-section elementor-top-section elementor-element elementor-element-edbd920 elementor-section-boxed elementor-section-height-default elementor-section-height-default\" data-id=\"edbd920\" data-element_type=\"section\" data-e-type=\"section\">\n\t\t\t\t\t\t<div class=\"elementor-container elementor-column-gap-default\">\n\t\t\t\t\t<div class=\"elementor-column elementor-col-100 elementor-top-column elementor-element elementor-element-45e2ff7\" data-id=\"45e2ff7\" data-element_type=\"column\" data-e-type=\"column\">\n\t\t\t<div class=\"elementor-widget-wrap elementor-element-populated\">\n\t\t\t\t\t\t<div class=\"elementor-element elementor-element-a7f57e1 elementor-widget elementor-widget-heading\" data-id=\"a7f57e1\" data-element_type=\"widget\" data-e-type=\"widget\" data-widget_type=\"heading.default\">\n\t\t\t\t<div class=\"elementor-widget-container\">\n\t\t\t\t\t<h2 class=\"elementor-heading-title elementor-size-default\">What are the advantages of the new system?\n\n<\/h2>\t\t\t\t<\/div>\n\t\t\t\t<\/div>\n\t\t\t\t<div class=\"elementor-element elementor-element-180f47f elementor-widget elementor-widget-text-editor\" data-id=\"180f47f\" data-element_type=\"widget\" data-e-type=\"widget\" data-widget_type=\"text-editor.default\">\n\t\t\t\t<div class=\"elementor-widget-container\">\n\t\t\t\t\t\t\t\t\tThe new Under-Cover system combines an umbrella with a cape. The enlarged umbrella has an opening for the cycler's head, which is covered by a hood. The cycler gets an easy to use roof that can be compactly stored in a sheath on the bike's frame. It offers protection from rain as well as wind, also with comfortable thermal conditions: A removable hood for your bike.\n\n\t\t\t\t\t\t\t\t<\/div>\n\t\t\t\t<\/div>\n\t\t\t\t\t<\/div>\n\t\t<\/div>\n\t\t\t\t\t<\/div>\n\t\t<\/section>\n\t\t\t\t<section class=\"elementor-section elementor-top-section elementor-element elementor-element-5971d3e elementor-section-boxed elementor-section-height-default elementor-section-height-default\" data-id=\"5971d3e\" data-element_type=\"section\" data-e-type=\"section\">\n\t\t\t\t\t\t<div class=\"elementor-container elementor-column-gap-default\">\n\t\t\t\t\t<div class=\"elementor-column elementor-col-100 elementor-top-column elementor-element elementor-element-6f74db0\" data-id=\"6f74db0\" data-element_type=\"column\" data-e-type=\"column\">\n\t\t\t<div class=\"elementor-widget-wrap elementor-element-populated\">\n\t\t\t\t\t\t<div class=\"elementor-element elementor-element-b58b490 elementor-widget elementor-widget-heading\" data-id=\"b58b490\" data-element_type=\"widget\" data-e-type=\"widget\" data-widget_type=\"heading.default\">\n\t\t\t\t<div class=\"elementor-widget-container\">\n\t\t\t\t\t<h2 class=\"elementor-heading-title elementor-size-default\">Will I stay dry?\n\n\n<\/h2>\t\t\t\t<\/div>\n\t\t\t\t<\/div>\n\t\t\t\t<div class=\"elementor-element elementor-element-80b41cb elementor-widget elementor-widget-text-editor\" data-id=\"80b41cb\" data-element_type=\"widget\" data-e-type=\"widget\" data-widget_type=\"text-editor.default\">\n\t\t\t\t<div class=\"elementor-widget-container\">\n\t\t\t\t\t\t\t\t\tMany people have tested and are happy with the device. But be warned: water does not only come from the sky. One reason for wet shoes and trousers is the water that is kicked up from the bike's front wheel. So we recommend the usage of good mudguards for your bike.\t\t\t\t\t\t\t\t<\/div>\n\t\t\t\t<\/div>\n\t\t\t\t\t<\/div>\n\t\t<\/div>\n\t\t\t\t\t<\/div>\n\t\t<\/section>\n\t\t\t\t<section class=\"elementor-section elementor-top-section elementor-element elementor-element-480ccd7 elementor-section-boxed elementor-section-height-default elementor-section-height-default\" data-id=\"480ccd7\" data-element_type=\"section\" data-e-type=\"section\">\n\t\t\t\t\t\t<div class=\"elementor-container elementor-column-gap-default\">\n\t\t\t\t\t<div class=\"elementor-column elementor-col-100 elementor-top-column elementor-element elementor-element-5085bed\" data-id=\"5085bed\" data-element_type=\"column\" data-e-type=\"column\">\n\t\t\t<div class=\"elementor-widget-wrap elementor-element-populated\">\n\t\t\t\t\t\t<div class=\"elementor-element elementor-element-0d45f22 elementor-widget elementor-widget-heading\" data-id=\"0d45f22\" data-element_type=\"widget\" data-e-type=\"widget\" data-widget_type=\"heading.default\">\n\t\t\t\t<div class=\"elementor-widget-container\">\n\t\t\t\t\t<h2 class=\"elementor-heading-title elementor-size-default\">What is the influence of wind?<\/h2>\t\t\t\t<\/div>\n\t\t\t\t<\/div>\n\t\t\t\t<div class=\"elementor-element elementor-element-3c734ec elementor-widget elementor-widget-text-editor\" data-id=\"3c734ec\" data-element_type=\"widget\" data-e-type=\"widget\" data-widget_type=\"text-editor.default\">\n\t\t\t\t<div class=\"elementor-widget-container\">\n\t\t\t\t\t\t\t\t\tDue to its bent shape, the air resistance of Under-Cover is decreased slightly as the wind does not hit towards the cyclist's body from the front. Wind from behind will give some extra speed. Strong side wind will have some influence. So be careful on stormy days.\t\t\t\t\t\t\t\t<\/div>\n\t\t\t\t<\/div>\n\t\t\t\t\t<\/div>\n\t\t<\/div>\n\t\t\t\t\t<\/div>\n\t\t<\/section>\n\t\t\t\t<section class=\"elementor-section elementor-top-section elementor-element elementor-element-43c767b elementor-section-boxed elementor-section-height-default elementor-section-height-default\" data-id=\"43c767b\" data-element_type=\"section\" data-e-type=\"section\">\n\t\t\t\t\t\t<div class=\"elementor-container elementor-column-gap-default\">\n\t\t\t\t\t<div class=\"elementor-column elementor-col-100 elementor-top-column elementor-element elementor-element-6afba94\" data-id=\"6afba94\" data-element_type=\"column\" data-e-type=\"column\">\n\t\t\t<div class=\"elementor-widget-wrap elementor-element-populated\">\n\t\t\t\t\t\t<div class=\"elementor-element elementor-element-d2d7dbf elementor-widget elementor-widget-heading\" data-id=\"d2d7dbf\" data-element_type=\"widget\" data-e-type=\"widget\" data-widget_type=\"heading.default\">\n\t\t\t\t<div class=\"elementor-widget-container\">\n\t\t\t\t\t<h2 class=\"elementor-heading-title elementor-size-default\">How do I store the umbrella?\n\n\n\n\n<\/h2>\t\t\t\t<\/div>\n\t\t\t\t<\/div>\n\t\t\t\t<div class=\"elementor-element elementor-element-1456415 elementor-widget elementor-widget-text-editor\" data-id=\"1456415\" data-element_type=\"widget\" data-e-type=\"widget\" data-widget_type=\"text-editor.default\">\n\t\t\t\t<div class=\"elementor-widget-container\">\n\t\t\t\t\t\t\t\t\tThe telescopic mechanism ensures a compact collapsed length of the folded umbrella. Stored in a case that is connected to the bike's frame, so it is always available and ready to use.\n\t\t\t\t\t\t\t\t<\/div>\n\t\t\t\t<\/div>\n\t\t\t\t\t<\/div>\n\t\t<\/div>\n\t\t\t\t\t<\/div>\n\t\t<\/section>\n\t\t\t\t<section class=\"elementor-section elementor-top-section elementor-element elementor-element-078c48d elementor-section-boxed elementor-section-height-default elementor-section-height-default\" data-id=\"078c48d\" data-element_type=\"section\" data-e-type=\"section\">\n\t\t\t\t\t\t<div class=\"elementor-container elementor-column-gap-default\">\n\t\t\t\t\t<div class=\"elementor-column elementor-col-100 elementor-top-column elementor-element elementor-element-5353b79\" data-id=\"5353b79\" data-element_type=\"column\" data-e-type=\"column\">\n\t\t\t<div class=\"elementor-widget-wrap elementor-element-populated\">\n\t\t\t\t\t\t<div class=\"elementor-element elementor-element-28ede0f elementor-widget elementor-widget-heading\" data-id=\"28ede0f\" data-element_type=\"widget\" data-e-type=\"widget\" data-widget_type=\"heading.default\">\n\t\t\t\t<div class=\"elementor-widget-container\">\n\t\t\t\t\t<h2 class=\"elementor-heading-title elementor-size-default\">Who invented it?\n\n\n\n<\/h2>\t\t\t\t<\/div>\n\t\t\t\t<\/div>\n\t\t\t\t<div class=\"elementor-element elementor-element-44445a7 elementor-widget elementor-widget-text-editor\" data-id=\"44445a7\" data-element_type=\"widget\" data-e-type=\"widget\" data-widget_type=\"text-editor.default\">\n\t\t\t\t<div class=\"elementor-widget-container\">\n\t\t\t\t\t\t\t\t\t<p>More than two decades ago, I, Thomas Schmidt, founded the development company exergia. As a trained physicist, in addition to my special interest in the subject of energy, I am always fascinated by new technical approaches that solve certain everyday problems \"better\". The question of a comfortable rain protection for the bike led to the development of the under-cover bike umbrella.<\/p>\t\t\t\t\t\t\t\t<\/div>\n\t\t\t\t<\/div>\n\t\t\t\t\t<\/div>\n\t\t<\/div>\n\t\t\t\t\t<\/div>\n\t\t<\/section>\n\t\t\t\t<section class=\"elementor-section elementor-top-section elementor-element elementor-element-16a4acb elementor-section-boxed elementor-section-height-default elementor-section-height-default\" data-id=\"16a4acb\" data-element_type=\"section\" data-e-type=\"section\">\n\t\t\t\t\t\t<div class=\"elementor-container elementor-column-gap-default\">\n\t\t\t\t\t<div class=\"elementor-column elementor-col-100 elementor-top-column elementor-element elementor-element-943c31b\" data-id=\"943c31b\" data-element_type=\"column\" data-e-type=\"column\">\n\t\t\t<div class=\"elementor-widget-wrap elementor-element-populated\">\n\t\t\t\t\t\t<div class=\"elementor-element elementor-element-5e5f31b elementor-widget elementor-widget-heading\" data-id=\"5e5f31b\" data-element_type=\"widget\" data-e-type=\"widget\" data-widget_type=\"heading.default\">\n\t\t\t\t<div class=\"elementor-widget-container\">\n\t\t\t\t\t<h2 class=\"elementor-heading-title elementor-size-default\">When and where to buy?<\/h2>\t\t\t\t<\/div>\n\t\t\t\t<\/div>\n\t\t\t\t<div class=\"elementor-element elementor-element-4ac8bb0 elementor-widget elementor-widget-text-editor\" data-id=\"4ac8bb0\" data-element_type=\"widget\" data-e-type=\"widget\" data-widget_type=\"text-editor.default\">\n\t\t\t\t<div class=\"elementor-widget-container\">\n\t\t\t\t\t\t\t\t\t<p>Work in progress :o)<\/p>\t\t\t\t\t\t\t\t<\/div>\n\t\t\t\t<\/div>\n\t\t\t\t\t<\/div>\n\t\t<\/div>\n\t\t\t\t\t<\/div>\n\t\t<\/section>\n\t\t\t\t<\/div>","protected":false},"excerpt":{"rendered":"<p>H\u00e4ufig gestellte Fragen Warum ein neuer Regenschutz? Zum Schutz gegen Regen und Windschutz werden bei Fahrr\u00e4dern und Motorrollern bisher haupts\u00e4chlich die beiden Funktionskleidungsvarianten Regenhose-Jacke-Kombinationen und verschiedene Capes verwendet. Diese sind unpraktisch in der Handhabung und haben durch die Verwendung Wasser undurchl\u00e4ssiger, synthetischer Stoffe nur einen schlechten, thermischen Komfort &#8211; starkes Schwitzen beim Tragen. Was ist [&hellip;]<\/p>\n","protected":false},"author":1,"featured_media":0,"parent":0,"menu_order":0,"comment_status":"closed","ping_status":"closed","template":"","meta":{"footnotes":""},"class_list":["post-99","page","type-page","status-publish","hentry"],"yoast_head":"<!-- This site is optimized with the Yoast SEO plugin v27.3 - https:\/\/yoast.com\/product\/yoast-seo-wordpress\/ -->\n<title>FAQ - under-cover-wordpress<\/title>\n<meta name=\"robots\" content=\"index, follow, max-snippet:-1, max-image-preview:large, max-video-preview:-1\" \/>\n<link rel=\"canonical\" href=\"http:\/\/under-cover.biz\/en\/faq\" \/>\n<meta property=\"og:locale\" content=\"en_GB\" \/>\n<meta property=\"og:type\" content=\"article\" \/>\n<meta property=\"og:title\" content=\"FAQ - under-cover-wordpress\" \/>\n<meta property=\"og:description\" content=\"H\u00e4ufig gestellte Fragen Warum ein neuer Regenschutz? Zum Schutz gegen Regen und Windschutz werden bei Fahrr\u00e4dern und Motorrollern bisher haupts\u00e4chlich die beiden Funktionskleidungsvarianten Regenhose-Jacke-Kombinationen und verschiedene Capes verwendet. Diese sind unpraktisch in der Handhabung und haben durch die Verwendung Wasser undurchl\u00e4ssiger, synthetischer Stoffe nur einen schlechten, thermischen Komfort &#8211; starkes Schwitzen beim Tragen. Was ist [&hellip;]\" \/>\n<meta property=\"og:url\" content=\"http:\/\/under-cover.biz\/en\/faq\" \/>\n<meta property=\"og:site_name\" content=\"under-cover-wordpress\" \/>\n<meta property=\"article:modified_time\" content=\"2023-06-28T13:22:53+00:00\" \/>\n<meta name=\"twitter:card\" content=\"summary_large_image\" \/>\n<meta name=\"twitter:label1\" content=\"Estimated reading time\" \/>\n\t<meta name=\"twitter:data1\" content=\"2 minutes\" \/>\n<script type=\"application\/ld+json\" class=\"yoast-schema-graph\">{\"@context\":\"https:\\\/\\\/schema.org\",\"@graph\":[{\"@type\":\"WebPage\",\"@id\":\"http:\\\/\\\/under-cover.biz\\\/en\\\/faq\",\"url\":\"http:\\\/\\\/under-cover.biz\\\/en\\\/faq\",\"name\":\"FAQ - under-cover-wordpress\",\"isPartOf\":{\"@id\":\"http:\\\/\\\/under-cover.biz\\\/#website\"},\"datePublished\":\"2023-06-12T10:26:57+00:00\",\"dateModified\":\"2023-06-28T13:22:53+00:00\",\"breadcrumb\":{\"@id\":\"http:\\\/\\\/under-cover.biz\\\/en\\\/faq#breadcrumb\"},\"inLanguage\":\"en-GB\",\"potentialAction\":[{\"@type\":\"ReadAction\",\"target\":[\"http:\\\/\\\/under-cover.biz\\\/en\\\/faq\"]}]},{\"@type\":\"BreadcrumbList\",\"@id\":\"http:\\\/\\\/under-cover.biz\\\/en\\\/faq#breadcrumb\",\"itemListElement\":[{\"@type\":\"ListItem\",\"position\":1,\"name\":\"Home\",\"item\":\"http:\\\/\\\/under-cover.biz\\\/\"},{\"@type\":\"ListItem\",\"position\":2,\"name\":\"FAQ\"}]},{\"@type\":\"WebSite\",\"@id\":\"http:\\\/\\\/under-cover.biz\\\/#website\",\"url\":\"http:\\\/\\\/under-cover.biz\\\/\",\"name\":\"under-cover-wordpress\",\"description\":\"\",\"publisher\":{\"@id\":\"http:\\\/\\\/under-cover.biz\\\/#organization\"},\"potentialAction\":[{\"@type\":\"SearchAction\",\"target\":{\"@type\":\"EntryPoint\",\"urlTemplate\":\"http:\\\/\\\/under-cover.biz\\\/?s={search_term_string}\"},\"query-input\":{\"@type\":\"PropertyValueSpecification\",\"valueRequired\":true,\"valueName\":\"search_term_string\"}}],\"inLanguage\":\"en-GB\"},{\"@type\":\"Organization\",\"@id\":\"http:\\\/\\\/under-cover.biz\\\/#organization\",\"name\":\"under-cover-wordpress\",\"url\":\"http:\\\/\\\/under-cover.biz\\\/\",\"logo\":{\"@type\":\"ImageObject\",\"inLanguage\":\"en-GB\",\"@id\":\"http:\\\/\\\/under-cover.biz\\\/#\\\/schema\\\/logo\\\/image\\\/\",\"url\":\"http:\\\/\\\/under-cover.biz\\\/wp-content\\\/uploads\\\/2023\\\/06\\\/logo_neu.jpg\",\"contentUrl\":\"http:\\\/\\\/under-cover.biz\\\/wp-content\\\/uploads\\\/2023\\\/06\\\/logo_neu.jpg\",\"width\":500,\"height\":313,\"caption\":\"under-cover-wordpress\"},\"image\":{\"@id\":\"http:\\\/\\\/under-cover.biz\\\/#\\\/schema\\\/logo\\\/image\\\/\"}}]}<\/script>\n<!-- \/ Yoast SEO plugin. -->","yoast_head_json":{"title":"FAQ - under-cover-wordpress","robots":{"index":"index","follow":"follow","max-snippet":"max-snippet:-1","max-image-preview":"max-image-preview:large","max-video-preview":"max-video-preview:-1"},"canonical":"http:\/\/under-cover.biz\/en\/faq","og_locale":"en_GB","og_type":"article","og_title":"FAQ - under-cover-wordpress","og_description":"H\u00e4ufig gestellte Fragen Warum ein neuer Regenschutz? Zum Schutz gegen Regen und Windschutz werden bei Fahrr\u00e4dern und Motorrollern bisher haupts\u00e4chlich die beiden Funktionskleidungsvarianten Regenhose-Jacke-Kombinationen und verschiedene Capes verwendet. Diese sind unpraktisch in der Handhabung und haben durch die Verwendung Wasser undurchl\u00e4ssiger, synthetischer Stoffe nur einen schlechten, thermischen Komfort &#8211; starkes Schwitzen beim Tragen. Was ist [&hellip;]","og_url":"http:\/\/under-cover.biz\/en\/faq","og_site_name":"under-cover-wordpress","article_modified_time":"2023-06-28T13:22:53+00:00","twitter_card":"summary_large_image","twitter_misc":{"Estimated reading time":"2 minutes"},"schema":{"@context":"https:\/\/schema.org","@graph":[{"@type":"WebPage","@id":"http:\/\/under-cover.biz\/en\/faq","url":"http:\/\/under-cover.biz\/en\/faq","name":"FAQ - under-cover-wordpress","isPartOf":{"@id":"http:\/\/under-cover.biz\/#website"},"datePublished":"2023-06-12T10:26:57+00:00","dateModified":"2023-06-28T13:22:53+00:00","breadcrumb":{"@id":"http:\/\/under-cover.biz\/en\/faq#breadcrumb"},"inLanguage":"en-GB","potentialAction":[{"@type":"ReadAction","target":["http:\/\/under-cover.biz\/en\/faq"]}]},{"@type":"BreadcrumbList","@id":"http:\/\/under-cover.biz\/en\/faq#breadcrumb","itemListElement":[{"@type":"ListItem","position":1,"name":"Home","item":"http:\/\/under-cover.biz\/"},{"@type":"ListItem","position":2,"name":"FAQ"}]},{"@type":"WebSite","@id":"http:\/\/under-cover.biz\/#website","url":"http:\/\/under-cover.biz\/","name":"under-cover-wordpress","description":"","publisher":{"@id":"http:\/\/under-cover.biz\/#organization"},"potentialAction":[{"@type":"SearchAction","target":{"@type":"EntryPoint","urlTemplate":"http:\/\/under-cover.biz\/?s={search_term_string}"},"query-input":{"@type":"PropertyValueSpecification","valueRequired":true,"valueName":"search_term_string"}}],"inLanguage":"en-GB"},{"@type":"Organization","@id":"http:\/\/under-cover.biz\/#organization","name":"under-cover-wordpress","url":"http:\/\/under-cover.biz\/","logo":{"@type":"ImageObject","inLanguage":"en-GB","@id":"http:\/\/under-cover.biz\/#\/schema\/logo\/image\/","url":"http:\/\/under-cover.biz\/wp-content\/uploads\/2023\/06\/logo_neu.jpg","contentUrl":"http:\/\/under-cover.biz\/wp-content\/uploads\/2023\/06\/logo_neu.jpg","width":500,"height":313,"caption":"under-cover-wordpress"},"image":{"@id":"http:\/\/under-cover.biz\/#\/schema\/logo\/image\/"}}]}},"_links":{"self":[{"href":"http:\/\/under-cover.biz\/en\/wp-json\/wp\/v2\/pages\/99","targetHints":{"allow":["GET"]}}],"collection":[{"href":"http:\/\/under-cover.biz\/en\/wp-json\/wp\/v2\/pages"}],"about":[{"href":"http:\/\/under-cover.biz\/en\/wp-json\/wp\/v2\/types\/page"}],"author":[{"embeddable":true,"href":"http:\/\/under-cover.biz\/en\/wp-json\/wp\/v2\/users\/1"}],"replies":[{"embeddable":true,"href":"http:\/\/under-cover.biz\/en\/wp-json\/wp\/v2\/comments?post=99"}],"version-history":[{"count":34,"href":"http:\/\/under-cover.biz\/en\/wp-json\/wp\/v2\/pages\/99\/revisions"}],"predecessor-version":[{"id":937,"href":"http:\/\/under-cover.biz\/en\/wp-json\/wp\/v2\/pages\/99\/revisions\/937"}],"wp:attachment":[{"href":"http:\/\/under-cover.biz\/en\/wp-json\/wp\/v2\/media?parent=99"}],"curies":[{"name":"wp","href":"https:\/\/api.w.org\/{rel}","templated":true}]}}